{"id":29,"date":"2007-05-02T22:06:31","date_gmt":"2007-05-02T20:06:31","guid":{"rendered":"http:\/\/beatreactor.de\/?page_id=29"},"modified":"2010-11-14T15:04:10","modified_gmt":"2010-11-14T15:04:10","slug":"uber","status":"publish","type":"page","link":"http:\/\/beatreactor.de\/?page_id=29","title":{"rendered":"\u00dcber&#8230;"},"content":{"rendered":"<p>Diese Seite m\u00f6ge alles wichtige abdecken, was der Titel verspricht&#8230;<br \/>\n<a title=\"Helman\" href=\"http:\/\/beatreactor.de\/wp-content\/uploads\/2007\/05\/mypicture_2.jpg\" rel=\"shadowbox[sbpost-29];player=img;\"><img decoding=\"async\" src=\"http:\/\/beatreactor.de\/wp-content\/uploads\/2007\/05\/mypicture_2.thumbnail.jpg\" alt=\"Helman\" \/><\/a><\/p>\n<p>Dies ist eine rein private Webseite ohne jeglichen gewerblichen Zweck. Die sie nicht-kommerziell ist, ist sie auch frei von bezahlten Anzeigen und Werbebannern.<\/p>\n<p>Wer weitere Fragen hat, kann auch eine <a href=\"mailto:beatreactor@gmx.de\">Mail schreiben<\/a>.<\/p>\n<p>S\u00e4mtliche Texte und sonstige Inhalte, die auf dieser Seite ver\u00f6ffentlicht sind (vorausgesetzt die Seite wurde nicht von b\u00f6swilligen Dritten verunstaltet) spiegeln meine pers\u00f6nliche Meinung wider. Ausnahme bilden die Kommentare.<\/p>\n","protected":false},"excerpt":{"rendered":"<p>Diese Seite m\u00f6ge alles wichtige abdecken, was der Titel verspricht&#8230; Dies ist eine rein private Webseite ohne jeglichen gewerblichen Zweck. Die sie nicht-kommerziell ist, ist sie auch frei von bezahlten Anzeigen und Werbebannern. Wer weitere Fragen hat, kann auch eine &hellip; <a href=\"http:\/\/beatreactor.de\/?page_id=29\">Weiterlesen <span class=\"meta-nav\">&rarr;<\/span><\/a><\/p>\n","protected":false},"author":2,"featured_media":0,"parent":0,"menu_order":0,"comment_status":"closed","ping_status":"closed","template":"","meta":{"footnotes":""},"class_list":["post-29","page","type-page","status-publish","hentry"],"_links":{"self":[{"href":"http:\/\/beatreactor.de\/index.php?rest_route=\/wp\/v2\/pages\/29"}],"collection":[{"href":"http:\/\/beatreactor.de\/index.php?rest_route=\/wp\/v2\/pages"}],"about":[{"href":"http:\/\/beatreactor.de\/index.php?rest_route=\/wp\/v2\/types\/page"}],"author":[{"embeddable":true,"href":"http:\/\/beatreactor.de\/index.php?rest_route=\/wp\/v2\/users\/2"}],"replies":[{"embeddable":true,"href":"http:\/\/beatreactor.de\/index.php?rest_route=%2Fwp%2Fv2%2Fcomments&post=29"}],"version-history":[{"count":3,"href":"http:\/\/beatreactor.de\/index.php?rest_route=\/wp\/v2\/pages\/29\/revisions"}],"predecessor-version":[{"id":734,"href":"http:\/\/beatreactor.de\/index.php?rest_route=\/wp\/v2\/pages\/29\/revisions\/734"}],"wp:attachment":[{"href":"http:\/\/beatreactor.de\/index.php?rest_route=%2Fwp%2Fv2%2Fmedia&parent=29"}],"curies":[{"name":"wp","href":"https:\/\/api.w.org\/{rel}","templated":true}]}}